{"id":2783,"date":"2024-09-09T17:51:14","date_gmt":"2024-09-09T17:51:14","guid":{"rendered":"https:\/\/support.almamater.si\/it-coordinators\/"},"modified":"2024-09-16T08:47:12","modified_gmt":"2024-09-16T08:47:12","slug":"it-coordinators","status":"publish","type":"page","link":"https:\/\/support.almamater.si\/en\/it-coordinators\/","title":{"rendered":"IT coordinators"},"content":{"rendered":"\t\t<div data-elementor-type=\"wp-post\" data-elementor-id=\"2783\" class=\"elementor elementor-2783 elementor-2520\" data-elementor-post-type=\"page\">\n\t\t\t\t<div class=\"elementor-element elementor-element-8423c84 e-flex e-con-boxed e-con e-parent\" data-id=\"8423c84\" data-element_type=\"container\">\n\t\t\t\t\t<div class=\"e-con-inner\">\n\t\t<div class=\"elementor-element elementor-element-c7f6a4d e-con-full e-flex e-con e-child\" data-id=\"c7f6a4d\" data-element_type=\"container\">\n\t\t\t\t<div class=\"elementor-element elementor-element-9815468 elementor-widget elementor-widget-text-editor\" data-id=\"9815468\" data-element_type=\"widget\" data-widget_type=\"text-editor.default\">\n\t\t\t\t<div class=\"elementor-widget-container\">\n\t\t\t\t\t\t\t\t\t<h4>IT Coordinators by location<\/h4>\n<p>Students and staff should always contact the IT coordinator listed below for clarification and assistance in using ICT services (in the case of the VIS, the contact point is the Student Office).<\/p>\n\t\t\t\t\t\t\t\t<\/div>\n\t\t\t\t<\/div>\n\t\t\t\t<div class=\"elementor-element elementor-element-6d7ff2e elementor-widget elementor-widget-n-accordion\" data-id=\"6d7ff2e\" data-element_type=\"widget\" data-settings=\"{&quot;n_accordion_animation_duration&quot;:{&quot;unit&quot;:&quot;ms&quot;,&quot;size&quot;:200,&quot;sizes&quot;:[]},&quot;max_items_expended&quot;:&quot;multiple&quot;,&quot;default_state&quot;:&quot;expanded&quot;}\" data-widget_type=\"nested-accordion.default\">\n\t\t\t\t<div class=\"elementor-widget-container\">\n\t\t\t\t\t\t\t<div class=\"e-n-accordion\" aria-label=\"Accordion. Open links with Enter or Space, close with Escape, and navigate with Arrow Keys\">\n\t\t\t\t\t\t<details id=\"e-n-accordion-item-1140\" class=\"e-n-accordion-item\" open>\n\t\t\t\t<summary class=\"e-n-accordion-item-title\" data-accordion-index=\"1\" tabindex=\"0\" aria-expanded=\"true\" aria-controls=\"e-n-accordion-item-1140\" >\n\t\t\t\t\t<span class='e-n-accordion-item-title-header'><h5 class=\"e-n-accordion-item-title-text\"> General <\/h5><\/span>\n\t\t\t\t\t\t\t<span class='e-n-accordion-item-title-icon'>\n\t\t\t<span class='e-opened' ><i aria-hidden=\"true\" class=\"fas fa-minus\"><\/i><\/span>\n\t\t\t<span class='e-closed'><i aria-hidden=\"true\" class=\"fas fa-plus\"><\/i><\/span>\n\t\t<\/span>\n\n\t\t\t\t\t\t<\/summary>\n\t\t\t\t<div role=\"region\" aria-labelledby=\"e-n-accordion-item-1140\" class=\"elementor-element elementor-element-86f43b9 e-con-full e-flex e-con e-child\" data-id=\"86f43b9\" data-element_type=\"container\">\n\t\t\t\t<div class=\"elementor-element elementor-element-cb160c2 elementor-widget elementor-widget-text-editor\" data-id=\"cb160c2\" data-element_type=\"widget\" data-widget_type=\"text-editor.default\">\n\t\t\t\t<div class=\"elementor-widget-container\">\n\t\t\t\t\t\t\t\t\t<p><strong>Responsible persons:<\/strong> Marko Bencak, Miha Jakin<br \/><strong>Availability:<\/strong> mon-fri: 9h-15h<br \/><strong>Telephone number:<\/strong> +386 59 335 079<br \/><strong>E-mail<\/strong>: <span style=\"text-decoration: underline;\"><a href=\"mailto:support@almamater.si\">support@almamater.si<\/a><\/span><\/p>\n\t\t\t\t\t\t\t\t<\/div>\n\t\t\t\t<\/div>\n\t\t\t\t<\/div>\n\t\t\t\t\t<\/details>\n\t\t\t\t\t<\/div>\n\t\t\t\t\t<script type=\"application\/ld+json\">{\"@context\":\"https:\\\/\\\/schema.org\",\"@type\":\"FAQPage\",\"mainEntity\":[{\"@type\":\"Question\",\"name\":\"General\",\"acceptedAnswer\":{\"@type\":\"Answer\",\"text\":\"\"}}]}<\/script>\n\t\t\t\t\t\t\t<\/div>\n\t\t\t\t<\/div>\n\t\t\t\t<div class=\"elementor-element elementor-element-7c7d572 elementor-widget elementor-widget-n-accordion\" data-id=\"7c7d572\" data-element_type=\"widget\" data-settings=\"{&quot;n_accordion_animation_duration&quot;:{&quot;unit&quot;:&quot;ms&quot;,&quot;size&quot;:200,&quot;sizes&quot;:[]},&quot;max_items_expended&quot;:&quot;multiple&quot;,&quot;default_state&quot;:&quot;expanded&quot;}\" data-widget_type=\"nested-accordion.default\">\n\t\t\t\t<div class=\"elementor-widget-container\">\n\t\t\t\t\t\t\t<div class=\"e-n-accordion\" aria-label=\"Accordion. Open links with Enter or Space, close with Escape, and navigate with Arrow Keys\">\n\t\t\t\t\t\t<details id=\"e-n-accordion-item-1300\" class=\"e-n-accordion-item\" open>\n\t\t\t\t<summary class=\"e-n-accordion-item-title\" data-accordion-index=\"1\" tabindex=\"0\" aria-expanded=\"true\" aria-controls=\"e-n-accordion-item-1300\" >\n\t\t\t\t\t<span class='e-n-accordion-item-title-header'><h5 class=\"e-n-accordion-item-title-text\"> Maribor <\/h5><\/span>\n\t\t\t\t\t\t\t<span class='e-n-accordion-item-title-icon'>\n\t\t\t<span class='e-opened' ><i aria-hidden=\"true\" class=\"fas fa-minus\"><\/i><\/span>\n\t\t\t<span class='e-closed'><i aria-hidden=\"true\" class=\"fas fa-plus\"><\/i><\/span>\n\t\t<\/span>\n\n\t\t\t\t\t\t<\/summary>\n\t\t\t\t<div role=\"region\" aria-labelledby=\"e-n-accordion-item-1300\" class=\"elementor-element elementor-element-b98c575 e-con-full e-flex e-con e-child\" data-id=\"b98c575\" data-element_type=\"container\">\n\t\t<div role=\"region\" aria-labelledby=\"e-n-accordion-item-1300\" class=\"elementor-element elementor-element-9a29a8c e-flex e-con-boxed e-con e-child\" data-id=\"9a29a8c\" data-element_type=\"container\">\n\t\t\t\t\t<div class=\"e-con-inner\">\n\t\t\t\t<div class=\"elementor-element elementor-element-7b53a2b elementor-widget elementor-widget-text-editor\" data-id=\"7b53a2b\" data-element_type=\"widget\" data-widget_type=\"text-editor.default\">\n\t\t\t\t<div class=\"elementor-widget-container\">\n\t\t\t\t\t\t\t\t\t<p><strong>Persons responsible:<\/strong> Sa\u0161o Bjeli\u0107, Patricija Pongra\u010di\u010d<br \/><strong>Availability:<\/strong> mon-fri: 15h-19h, sat:9-12h<br \/><strong>Telephone number:<\/strong> +386 30 429 943<br \/><strong>E-mail<\/strong>: <span style=\"text-decoration: underline;\"><a href=\"mailto:support.mb@almamater.si\">support.mb@almamater.si<\/a><\/span><\/p>\n\t\t\t\t\t\t\t\t<\/div>\n\t\t\t\t<\/div>\n\t\t\t\t\t<\/div>\n\t\t\t\t<\/div>\n\t\t\t\t<\/div>\n\t\t\t\t\t<\/details>\n\t\t\t\t\t<\/div>\n\t\t\t\t\t<script type=\"application\/ld+json\">{\"@context\":\"https:\\\/\\\/schema.org\",\"@type\":\"FAQPage\",\"mainEntity\":[{\"@type\":\"Question\",\"name\":\"Maribor\",\"acceptedAnswer\":{\"@type\":\"Answer\",\"text\":\"\"}}]}<\/script>\n\t\t\t\t\t\t\t<\/div>\n\t\t\t\t<\/div>\n\t\t\t\t<div class=\"elementor-element elementor-element-e82c0c3 elementor-widget elementor-widget-n-accordion\" data-id=\"e82c0c3\" data-element_type=\"widget\" data-settings=\"{&quot;n_accordion_animation_duration&quot;:{&quot;unit&quot;:&quot;ms&quot;,&quot;size&quot;:200,&quot;sizes&quot;:[]},&quot;max_items_expended&quot;:&quot;multiple&quot;,&quot;default_state&quot;:&quot;expanded&quot;}\" data-widget_type=\"nested-accordion.default\">\n\t\t\t\t<div class=\"elementor-widget-container\">\n\t\t\t\t\t\t\t<div class=\"e-n-accordion\" aria-label=\"Accordion. Open links with Enter or Space, close with Escape, and navigate with Arrow Keys\">\n\t\t\t\t\t\t<details id=\"e-n-accordion-item-2430\" class=\"e-n-accordion-item\" open>\n\t\t\t\t<summary class=\"e-n-accordion-item-title\" data-accordion-index=\"1\" tabindex=\"0\" aria-expanded=\"true\" aria-controls=\"e-n-accordion-item-2430\" >\n\t\t\t\t\t<span class='e-n-accordion-item-title-header'><h5 class=\"e-n-accordion-item-title-text\"> Ljubljana <\/h5><\/span>\n\t\t\t\t\t\t\t<span class='e-n-accordion-item-title-icon'>\n\t\t\t<span class='e-opened' ><i aria-hidden=\"true\" class=\"fas fa-minus\"><\/i><\/span>\n\t\t\t<span class='e-closed'><i aria-hidden=\"true\" class=\"fas fa-plus\"><\/i><\/span>\n\t\t<\/span>\n\n\t\t\t\t\t\t<\/summary>\n\t\t\t\t<div role=\"region\" aria-labelledby=\"e-n-accordion-item-2430\" class=\"elementor-element elementor-element-529e4e1 e-con-full e-flex e-con e-child\" data-id=\"529e4e1\" data-element_type=\"container\">\n\t\t<div role=\"region\" aria-labelledby=\"e-n-accordion-item-2430\" class=\"elementor-element elementor-element-2375c22 e-flex e-con-boxed e-con e-child\" data-id=\"2375c22\" data-element_type=\"container\">\n\t\t\t\t\t<div class=\"e-con-inner\">\n\t\t\t\t<div class=\"elementor-element elementor-element-c68dbf6 elementor-widget elementor-widget-text-editor\" data-id=\"c68dbf6\" data-element_type=\"widget\" data-widget_type=\"text-editor.default\">\n\t\t\t\t<div class=\"elementor-widget-container\">\n\t\t\t\t\t\t\t\t\t<p><strong>Responsible persons:<\/strong> Andra\u017e Zavodnik, Tadej Toplak<br \/><strong>Availability:<\/strong> mon-fri: 15h-19h, sat:9-12h<br \/><strong>Telephone number:<\/strong> +386 30 429 944<br \/><strong>E-mail<\/strong>: <span style=\"text-decoration: underline;\"><a href=\"mailto:support.lj@almamater.si\">support.lj@almamater.si<\/a><\/span><\/p>\n\t\t\t\t\t\t\t\t<\/div>\n\t\t\t\t<\/div>\n\t\t\t\t\t<\/div>\n\t\t\t\t<\/div>\n\t\t\t\t<\/div>\n\t\t\t\t\t<\/details>\n\t\t\t\t\t<\/div>\n\t\t\t\t\t<script type=\"application\/ld+json\">{\"@context\":\"https:\\\/\\\/schema.org\",\"@type\":\"FAQPage\",\"mainEntity\":[{\"@type\":\"Question\",\"name\":\"Ljubljana\",\"acceptedAnswer\":{\"@type\":\"Answer\",\"text\":\"\"}}]}<\/script>\n\t\t\t\t\t\t\t<\/div>\n\t\t\t\t<\/div>\n\t\t\t\t<div class=\"elementor-element elementor-element-d8b7245 elementor-widget elementor-widget-n-accordion\" data-id=\"d8b7245\" data-element_type=\"widget\" data-settings=\"{&quot;n_accordion_animation_duration&quot;:{&quot;unit&quot;:&quot;ms&quot;,&quot;size&quot;:200,&quot;sizes&quot;:[]},&quot;max_items_expended&quot;:&quot;multiple&quot;,&quot;default_state&quot;:&quot;expanded&quot;}\" data-widget_type=\"nested-accordion.default\">\n\t\t\t\t<div class=\"elementor-widget-container\">\n\t\t\t\t\t\t\t<div class=\"e-n-accordion\" aria-label=\"Accordion. Open links with Enter or Space, close with Escape, and navigate with Arrow Keys\">\n\t\t\t\t\t\t<details id=\"e-n-accordion-item-2270\" class=\"e-n-accordion-item\" open>\n\t\t\t\t<summary class=\"e-n-accordion-item-title\" data-accordion-index=\"1\" tabindex=\"0\" aria-expanded=\"true\" aria-controls=\"e-n-accordion-item-2270\" >\n\t\t\t\t\t<span class='e-n-accordion-item-title-header'><h5 class=\"e-n-accordion-item-title-text\"> Murska Sobota <\/h5><\/span>\n\t\t\t\t\t\t\t<span class='e-n-accordion-item-title-icon'>\n\t\t\t<span class='e-opened' ><i aria-hidden=\"true\" class=\"fas fa-minus\"><\/i><\/span>\n\t\t\t<span class='e-closed'><i aria-hidden=\"true\" class=\"fas fa-plus\"><\/i><\/span>\n\t\t<\/span>\n\n\t\t\t\t\t\t<\/summary>\n\t\t\t\t<div role=\"region\" aria-labelledby=\"e-n-accordion-item-2270\" class=\"elementor-element elementor-element-f6f8b08 e-con-full e-flex e-con e-child\" data-id=\"f6f8b08\" data-element_type=\"container\">\n\t\t<div role=\"region\" aria-labelledby=\"e-n-accordion-item-2270\" class=\"elementor-element elementor-element-4c7b4b0 e-flex e-con-boxed e-con e-child\" data-id=\"4c7b4b0\" data-element_type=\"container\">\n\t\t\t\t\t<div class=\"e-con-inner\">\n\t\t\t\t<div class=\"elementor-element elementor-element-b0cf2c1 elementor-widget elementor-widget-text-editor\" data-id=\"b0cf2c1\" data-element_type=\"widget\" data-widget_type=\"text-editor.default\">\n\t\t\t\t<div class=\"elementor-widget-container\">\n\t\t\t\t\t\t\t\t\t<p><strong>Responsible persons:<\/strong> Ale\u0161 Novak, Jo\u017ee \u0160ijanec<br \/><strong>Availability:<\/strong> mon-fri: 15h-19h, sat:9-12h<br \/><strong>Telephone number:<\/strong> +386 30 429 945<br \/><strong>E-mail:<\/strong><span style=\"text-decoration: underline;\"><a href=\"mailto:support.ms@almamater.si\">support.ms@almamater.si<\/a><\/span><\/p>\n\t\t\t\t\t\t\t\t<\/div>\n\t\t\t\t<\/div>\n\t\t\t\t\t<\/div>\n\t\t\t\t<\/div>\n\t\t\t\t<\/div>\n\t\t\t\t\t<\/details>\n\t\t\t\t\t<\/div>\n\t\t\t\t\t<script type=\"application\/ld+json\">{\"@context\":\"https:\\\/\\\/schema.org\",\"@type\":\"FAQPage\",\"mainEntity\":[{\"@type\":\"Question\",\"name\":\"Murska Sobota\",\"acceptedAnswer\":{\"@type\":\"Answer\",\"text\":\"\"}}]}<\/script>\n\t\t\t\t\t\t\t<\/div>\n\t\t\t\t<\/div>\n\t\t\t\t<div class=\"elementor-element elementor-element-012fdec elementor-widget elementor-widget-n-accordion\" data-id=\"012fdec\" data-element_type=\"widget\" data-settings=\"{&quot;n_accordion_animation_duration&quot;:{&quot;unit&quot;:&quot;ms&quot;,&quot;size&quot;:200,&quot;sizes&quot;:[]},&quot;max_items_expended&quot;:&quot;multiple&quot;,&quot;default_state&quot;:&quot;expanded&quot;}\" data-widget_type=\"nested-accordion.default\">\n\t\t\t\t<div class=\"elementor-widget-container\">\n\t\t\t\t\t\t\t<div class=\"e-n-accordion\" aria-label=\"Accordion. Open links with Enter or Space, close with Escape, and navigate with Arrow Keys\">\n\t\t\t\t\t\t<details id=\"e-n-accordion-item-1240\" class=\"e-n-accordion-item\" open>\n\t\t\t\t<summary class=\"e-n-accordion-item-title\" data-accordion-index=\"1\" tabindex=\"0\" aria-expanded=\"true\" aria-controls=\"e-n-accordion-item-1240\" >\n\t\t\t\t\t<span class='e-n-accordion-item-title-header'><h5 class=\"e-n-accordion-item-title-text\"> Dill <\/h5><\/span>\n\t\t\t\t\t\t\t<span class='e-n-accordion-item-title-icon'>\n\t\t\t<span class='e-opened' ><i aria-hidden=\"true\" class=\"fas fa-minus\"><\/i><\/span>\n\t\t\t<span class='e-closed'><i aria-hidden=\"true\" class=\"fas fa-plus\"><\/i><\/span>\n\t\t<\/span>\n\n\t\t\t\t\t\t<\/summary>\n\t\t\t\t<div role=\"region\" aria-labelledby=\"e-n-accordion-item-1240\" class=\"elementor-element elementor-element-81710b6 e-con-full e-flex e-con e-child\" data-id=\"81710b6\" data-element_type=\"container\">\n\t\t<div role=\"region\" aria-labelledby=\"e-n-accordion-item-1240\" class=\"elementor-element elementor-element-ce7e541 e-flex e-con-boxed e-con e-child\" data-id=\"ce7e541\" data-element_type=\"container\">\n\t\t\t\t\t<div class=\"e-con-inner\">\n\t\t\t\t<div class=\"elementor-element elementor-element-dd55bf2 elementor-widget elementor-widget-text-editor\" data-id=\"dd55bf2\" data-element_type=\"widget\" data-widget_type=\"text-editor.default\">\n\t\t\t\t<div class=\"elementor-widget-container\">\n\t\t\t\t\t\t\t\t\t<p><strong>Responsible persons:<\/strong> Martin Mo\u010dnik, Jure Gri\u017eon<br \/><strong>Availability:<\/strong> mon-fri: 15h-19h, sat:9-12h<br \/><strong>Telephone number:<\/strong> +386 30 429 946<br \/><strong>E-mail<\/strong>: <span style=\"text-decoration: underline;\"><a href=\"mailto:support.kp@almamater.si\">support.kp@almamater.si<\/a><\/span><\/p>\n\t\t\t\t\t\t\t\t<\/div>\n\t\t\t\t<\/div>\n\t\t\t\t\t<\/div>\n\t\t\t\t<\/div>\n\t\t\t\t<\/div>\n\t\t\t\t\t<\/details>\n\t\t\t\t\t<\/div>\n\t\t\t\t\t<script type=\"application\/ld+json\">{\"@context\":\"https:\\\/\\\/schema.org\",\"@type\":\"FAQPage\",\"mainEntity\":[{\"@type\":\"Question\",\"name\":\"Dill\",\"acceptedAnswer\":{\"@type\":\"Answer\",\"text\":\"\"}}]}<\/script>\n\t\t\t\t\t\t\t<\/div>\n\t\t\t\t<\/div>\n\t\t\t\t<\/div>\n\t\t\t\t\t<\/div>\n\t\t\t\t<\/div>\n\t\t\t\t<\/div>\n\t\t","protected":false},"excerpt":{"rendered":"<p>IT Coordinators by location Students and staff should always contact the IT coordinator listed below for clarification and assistance in using ICT services (in the case of the VIS, the contact point is the Student Office). General Responsible persons: Marko Bencak, Miha JakinAvailability: mon-fri: 9h-15hTelephone number: +386 59 335 079E-mail: support@almamater.si Responsible persons: Marko Bencak, [&hellip;]<\/p>\n","protected":false},"author":1,"featured_media":0,"parent":0,"menu_order":0,"comment_status":"closed","ping_status":"closed","template":"","meta":{"_monsterinsights_skip_tracking":false,"_monsterinsights_sitenote_active":false,"_monsterinsights_sitenote_note":"","_monsterinsights_sitenote_category":0,"site-sidebar-layout":"no-sidebar","site-content-layout":"","ast-site-content-layout":"default","site-content-style":"default","site-sidebar-style":"default","ast-global-header-display":"","ast-banner-title-visibility":"","ast-main-header-display":"","ast-hfb-above-header-display":"","ast-hfb-below-header-display":"","ast-hfb-mobile-header-display":"","site-post-title":"disabled","ast-breadcrumbs-content":"","ast-featured-img":"disabled","footer-sml-layout":"","theme-transparent-header-meta":"enabled","adv-header-id-meta":"","stick-header-meta":"default","header-above-stick-meta":"","header-main-stick-meta":"","header-below-stick-meta":"","astra-migrate-meta-layouts":"default","ast-page-background-enabled":"default","ast-page-background-meta":{"desktop":{"background-color":"","background-image":"","background-repeat":"repeat","background-position":"center center","background-size":"auto","background-attachment":"scroll","background-type":"","background-media":"","overlay-type":"","overlay-color":"","overlay-opacity":"","overlay-gradient":""},"tablet":{"background-color":"","background-image":"","background-repeat":"repeat","background-position":"center center","background-size":"auto","background-attachment":"scroll","background-type":"","background-media":"","overlay-type":"","overlay-color":"","overlay-opacity":"","overlay-gradient":""},"mobile":{"background-color":"","background-image":"","background-repeat":"repeat","background-position":"center center","background-size":"auto","background-attachment":"scroll","background-type":"","background-media":"","overlay-type":"","overlay-color":"","overlay-opacity":"","overlay-gradient":""}},"ast-content-background-meta":{"desktop":{"background-color":"var(--ast-global-color-5)","background-image":"","background-repeat":"repeat","background-position":"center center","background-size":"auto","background-attachment":"scroll","background-type":"","background-media":"","overlay-type":"","overlay-color":"","overlay-opacity":"","overlay-gradient":""},"tablet":{"background-color":"var(--ast-global-color-5)","background-image":"","background-repeat":"repeat","background-position":"center center","background-size":"auto","background-attachment":"scroll","background-type":"","background-media":"","overlay-type":"","overlay-color":"","overlay-opacity":"","overlay-gradient":""},"mobile":{"background-color":"var(--ast-global-color-5)","background-image":"","background-repeat":"repeat","background-position":"center center","background-size":"auto","background-attachment":"scroll","background-type":"","background-media":"","overlay-type":"","overlay-color":"","overlay-opacity":"","overlay-gradient":""}},"footnotes":""},"class_list":["post-2783","page","type-page","status-publish","hentry"],"yoast_head":"<!-- This site is optimized with the Yoast SEO plugin v26.2 - https:\/\/yoast.com\/wordpress\/plugins\/seo\/ -->\n<title>IT coordinators - IT storitve Alma Mater<\/title>\n<meta name=\"robots\" content=\"index, follow, max-snippet:-1, max-image-preview:large, max-video-preview:-1\" \/>\n<link rel=\"canonical\" href=\"https:\/\/support.almamater.si\/en\/it-coordinators\/\" \/>\n<meta property=\"og:locale\" content=\"en_US\" \/>\n<meta property=\"og:type\" content=\"article\" \/>\n<meta property=\"og:title\" content=\"IT coordinators - IT storitve Alma Mater\" \/>\n<meta property=\"og:description\" content=\"IT Coordinators by location Students and staff should always contact the IT coordinator listed below for clarification and assistance in using ICT services (in the case of the VIS, the contact point is the Student Office). General Responsible persons: Marko Bencak, Miha JakinAvailability: mon-fri: 9h-15hTelephone number: +386 59 335 079E-mail: support@almamater.si Responsible persons: Marko Bencak, [&hellip;]\" \/>\n<meta property=\"og:url\" content=\"https:\/\/support.almamater.si\/en\/it-coordinators\/\" \/>\n<meta property=\"og:site_name\" content=\"IT storitve Alma Mater\" \/>\n<meta property=\"article:publisher\" content=\"https:\/\/www.facebook.com\/almamater.it\" \/>\n<meta property=\"article:modified_time\" content=\"2024-09-16T08:47:12+00:00\" \/>\n<meta property=\"og:image\" content=\"https:\/\/support.almamater.si\/wp-content\/uploads\/2024\/07\/Zaposleni-1024x536.jpg\" \/>\n<meta name=\"twitter:card\" content=\"summary_large_image\" \/>\n<meta name=\"twitter:site\" content=\"@AlmaMaterEU\" \/>\n<meta name=\"twitter:label1\" content=\"Est. reading time\" \/>\n\t<meta name=\"twitter:data1\" content=\"1 minute\" \/>\n<script type=\"application\/ld+json\" class=\"yoast-schema-graph\">{\"@context\":\"https:\/\/schema.org\",\"@graph\":[{\"@type\":\"WebPage\",\"@id\":\"https:\/\/support.almamater.si\/en\/it-coordinators\/\",\"url\":\"https:\/\/support.almamater.si\/en\/it-coordinators\/\",\"name\":\"IT coordinators - IT storitve Alma Mater\",\"isPartOf\":{\"@id\":\"https:\/\/support.almamater.si\/en\/#website\"},\"datePublished\":\"2024-09-09T17:51:14+00:00\",\"dateModified\":\"2024-09-16T08:47:12+00:00\",\"breadcrumb\":{\"@id\":\"https:\/\/support.almamater.si\/en\/it-coordinators\/#breadcrumb\"},\"inLanguage\":\"en-US\",\"potentialAction\":[{\"@type\":\"ReadAction\",\"target\":[\"https:\/\/support.almamater.si\/en\/it-coordinators\/\"]}]},{\"@type\":\"BreadcrumbList\",\"@id\":\"https:\/\/support.almamater.si\/en\/it-coordinators\/#breadcrumb\",\"itemListElement\":[{\"@type\":\"ListItem\",\"position\":1,\"name\":\"LAUREA IN FISIOTERAPIA Alma Mater Europaea\",\"item\":\"https:\/\/support.almamater.si\/en\/\"},{\"@type\":\"ListItem\",\"position\":2,\"name\":\"IT coordinators\"}]},{\"@type\":\"WebSite\",\"@id\":\"https:\/\/support.almamater.si\/en\/#website\",\"url\":\"https:\/\/support.almamater.si\/en\/\",\"name\":\"IT storitve Alma Mater\",\"description\":\"IT storitve za podporo izobra\u017eevalnemu procesu\",\"publisher\":{\"@id\":\"https:\/\/support.almamater.si\/en\/#organization\"},\"potentialAction\":[{\"@type\":\"SearchAction\",\"target\":{\"@type\":\"EntryPoint\",\"urlTemplate\":\"https:\/\/support.almamater.si\/en\/?s={search_term_string}\"},\"query-input\":{\"@type\":\"PropertyValueSpecification\",\"valueRequired\":true,\"valueName\":\"search_term_string\"}}],\"inLanguage\":\"en-US\"},{\"@type\":\"Organization\",\"@id\":\"https:\/\/support.almamater.si\/en\/#organization\",\"name\":\"LAUREA IN FISIOTERAPIA\",\"url\":\"https:\/\/support.almamater.si\/en\/\",\"logo\":{\"@type\":\"ImageObject\",\"inLanguage\":\"en-US\",\"@id\":\"https:\/\/support.almamater.si\/en\/#\/schema\/logo\/image\/\",\"url\":\"https:\/\/support.almamater.si\/wp-content\/uploads\/2021\/05\/Asset-223.svg\",\"contentUrl\":\"https:\/\/support.almamater.si\/wp-content\/uploads\/2021\/05\/Asset-223.svg\",\"width\":\"1024\",\"height\":\"1024\",\"caption\":\"LAUREA IN FISIOTERAPIA\"},\"image\":{\"@id\":\"https:\/\/support.almamater.si\/en\/#\/schema\/logo\/image\/\"},\"sameAs\":[\"https:\/\/www.facebook.com\/almamater.it\",\"https:\/\/x.com\/AlmaMaterEU\",\"https:\/\/www.instagram.com\/almamater.it\/\",\"https:\/\/www.linkedin.com\/school\/almamatereuropaea\/\",\"https:\/\/www.youtube.com\/channel\/UCali00x17mUZ6rYRYgAyYdg\"]}]}<\/script>\n<!-- \/ Yoast SEO plugin. -->","yoast_head_json":{"title":"IT coordinators - IT storitve Alma Mater","robots":{"index":"index","follow":"follow","max-snippet":"max-snippet:-1","max-image-preview":"max-image-preview:large","max-video-preview":"max-video-preview:-1"},"canonical":"https:\/\/support.almamater.si\/en\/it-coordinators\/","og_locale":"en_US","og_type":"article","og_title":"IT coordinators - IT storitve Alma Mater","og_description":"IT Coordinators by location Students and staff should always contact the IT coordinator listed below for clarification and assistance in using ICT services (in the case of the VIS, the contact point is the Student Office). General Responsible persons: Marko Bencak, Miha JakinAvailability: mon-fri: 9h-15hTelephone number: +386 59 335 079E-mail: support@almamater.si Responsible persons: Marko Bencak, [&hellip;]","og_url":"https:\/\/support.almamater.si\/en\/it-coordinators\/","og_site_name":"IT storitve Alma Mater","article_publisher":"https:\/\/www.facebook.com\/almamater.it","article_modified_time":"2024-09-16T08:47:12+00:00","og_image":[{"url":"https:\/\/support.almamater.si\/wp-content\/uploads\/2024\/07\/Zaposleni-1024x536.jpg","type":"","width":"","height":""}],"twitter_card":"summary_large_image","twitter_site":"@AlmaMaterEU","twitter_misc":{"Est. reading time":"1 minute"},"schema":{"@context":"https:\/\/schema.org","@graph":[{"@type":"WebPage","@id":"https:\/\/support.almamater.si\/en\/it-coordinators\/","url":"https:\/\/support.almamater.si\/en\/it-coordinators\/","name":"IT coordinators - IT storitve Alma Mater","isPartOf":{"@id":"https:\/\/support.almamater.si\/en\/#website"},"datePublished":"2024-09-09T17:51:14+00:00","dateModified":"2024-09-16T08:47:12+00:00","breadcrumb":{"@id":"https:\/\/support.almamater.si\/en\/it-coordinators\/#breadcrumb"},"inLanguage":"en-US","potentialAction":[{"@type":"ReadAction","target":["https:\/\/support.almamater.si\/en\/it-coordinators\/"]}]},{"@type":"BreadcrumbList","@id":"https:\/\/support.almamater.si\/en\/it-coordinators\/#breadcrumb","itemListElement":[{"@type":"ListItem","position":1,"name":"LAUREA IN FISIOTERAPIA Alma Mater Europaea","item":"https:\/\/support.almamater.si\/en\/"},{"@type":"ListItem","position":2,"name":"IT coordinators"}]},{"@type":"WebSite","@id":"https:\/\/support.almamater.si\/en\/#website","url":"https:\/\/support.almamater.si\/en\/","name":"IT storitve Alma Mater","description":"IT storitve za podporo izobra\u017eevalnemu procesu","publisher":{"@id":"https:\/\/support.almamater.si\/en\/#organization"},"potentialAction":[{"@type":"SearchAction","target":{"@type":"EntryPoint","urlTemplate":"https:\/\/support.almamater.si\/en\/?s={search_term_string}"},"query-input":{"@type":"PropertyValueSpecification","valueRequired":true,"valueName":"search_term_string"}}],"inLanguage":"en-US"},{"@type":"Organization","@id":"https:\/\/support.almamater.si\/en\/#organization","name":"LAUREA IN FISIOTERAPIA","url":"https:\/\/support.almamater.si\/en\/","logo":{"@type":"ImageObject","inLanguage":"en-US","@id":"https:\/\/support.almamater.si\/en\/#\/schema\/logo\/image\/","url":"https:\/\/support.almamater.si\/wp-content\/uploads\/2021\/05\/Asset-223.svg","contentUrl":"https:\/\/support.almamater.si\/wp-content\/uploads\/2021\/05\/Asset-223.svg","width":"1024","height":"1024","caption":"LAUREA IN FISIOTERAPIA"},"image":{"@id":"https:\/\/support.almamater.si\/en\/#\/schema\/logo\/image\/"},"sameAs":["https:\/\/www.facebook.com\/almamater.it","https:\/\/x.com\/AlmaMaterEU","https:\/\/www.instagram.com\/almamater.it\/","https:\/\/www.linkedin.com\/school\/almamatereuropaea\/","https:\/\/www.youtube.com\/channel\/UCali00x17mUZ6rYRYgAyYdg"]}]}},"_links":{"self":[{"href":"https:\/\/support.almamater.si\/en\/wp-json\/wp\/v2\/pages\/2783","targetHints":{"allow":["GET"]}}],"collection":[{"href":"https:\/\/support.almamater.si\/en\/wp-json\/wp\/v2\/pages"}],"about":[{"href":"https:\/\/support.almamater.si\/en\/wp-json\/wp\/v2\/types\/page"}],"author":[{"embeddable":true,"href":"https:\/\/support.almamater.si\/en\/wp-json\/wp\/v2\/users\/1"}],"replies":[{"embeddable":true,"href":"https:\/\/support.almamater.si\/en\/wp-json\/wp\/v2\/comments?post=2783"}],"version-history":[{"count":1,"href":"https:\/\/support.almamater.si\/en\/wp-json\/wp\/v2\/pages\/2783\/revisions"}],"predecessor-version":[{"id":2784,"href":"https:\/\/support.almamater.si\/en\/wp-json\/wp\/v2\/pages\/2783\/revisions\/2784"}],"wp:attachment":[{"href":"https:\/\/support.almamater.si\/en\/wp-json\/wp\/v2\/media?parent=2783"}],"curies":[{"name":"wp","href":"https:\/\/api.w.org\/{rel}","templated":true}]}}