{"id":2870,"date":"2024-07-03T12:06:57","date_gmt":"2024-07-03T12:06:57","guid":{"rendered":"https:\/\/support.almamater.si\/news\/"},"modified":"2024-09-23T12:47:32","modified_gmt":"2024-09-23T12:47:32","slug":"news","status":"publish","type":"page","link":"https:\/\/support.almamater.si\/en\/news\/","title":{"rendered":"News"},"content":{"rendered":"\t\t<div data-elementor-type=\"wp-post\" data-elementor-id=\"2870\" class=\"elementor elementor-2870 elementor-2157\" data-elementor-post-type=\"page\">\n\t\t\t\t<div class=\"elementor-element elementor-element-bc667dd e-flex e-con-boxed e-con e-parent\" data-id=\"bc667dd\" data-element_type=\"container\">\n\t\t\t\t\t<div class=\"e-con-inner\">\n\t\t<div class=\"elementor-element elementor-element-082764d e-con-full e-flex e-con e-child\" data-id=\"082764d\" data-element_type=\"container\">\n\t\t\t\t<div class=\"elementor-element elementor-element-59ad056 elementor-widget elementor-widget-heading\" data-id=\"59ad056\" data-element_type=\"widget\" data-widget_type=\"heading.default\">\n\t\t\t\t<div class=\"elementor-widget-container\">\n\t\t\t\t\t<h4 class=\"elementor-heading-title elementor-size-default\">News<\/h4>\t\t\t\t<\/div>\n\t\t\t\t<\/div>\n\t\t\t\t<div class=\"elementor-element elementor-element-f8f998a elementor-grid-1 elementor-grid-tablet-2 elementor-grid-mobile-1 elementor-widget elementor-widget-pp-posts\" data-id=\"f8f998a\" data-element_type=\"widget\" data-widget_type=\"pp-posts.classic\">\n\t\t\t\t<div class=\"elementor-widget-container\">\n\t\t\t\t\t\t\t<div class=\"pp-posts-container\">\n\t\t\t\n\t\t\t\t\t\t\t\t\t\t\n\t\t\t<div class=\"pp-posts pp-posts-skin-classic elementor-grid pp-posts-grid\" data-query-type=\"custom\" data-layout=\"grid\" data-page=\"2870\" data-skin=\"classic\">\n\t\t\t\t\t\t\t\t\t\t\t<div class=\"pp-post-wrap pp-grid-item-wrap elementor-grid-item post-4482 post type-post status-publish format-standard hentry category-blog-posts-en\">\n\t\t\t\t\t\t<div class=\"pp-post pp-grid-item\">\n\t\t\t\t\n\t\t\t\t\n\t\t\t\t<div class=\"pp-post-content-wrap\">\n\t\t\t\t\t<div class=\"pp-post-content\">\n\t\t\t\t\t\t\t\t\t\t\t\t<h5 class=\"pp-post-title\">\n\t\t\t\t<a href=\"https:\/\/support.almamater.si\/en\/multifactor-authentication-2\/\">EXAM.NET updates<\/a>\t\t\t<\/h5>\n\t\t\t\t\t\t\t\t\t<div class=\"pp-post-meta\">\n\t\t\t\t\t\t\t\t<span class=\"pp-post-date\">\n\t\t\t\t\t\t<span class=\"pp-meta-text\">\n\t\t\t\t<a href=\"https:\/\/support.almamater.si\/en\/multifactor-authentication-2\/\">19. 11. 2025<\/a>\t\t\t<\/span>\n\t\t<\/span>\n\t\t<span class=\"pp-meta-separator\"><\/span>\n\t\t\t\t\t\t\t<\/div>\n\t\t\t\t\t\t\t<div class=\"pp-post-excerpt\">\n\t\t\t<p>Exam.net has released an update, which means that online exams will only work if the latest version of the required ...<\/p>\n\t\t<\/div>\n\t\t\t\t\t\t\t\t\t<\/div>\n\t\t\t\t\t\t\t\t\t<\/div>\n\n\t\t\t\t\t\t\t<\/div>\n\t\t\t\t\t<\/div>\n\t\t\t\t<div class=\"pp-post-wrap pp-grid-item-wrap elementor-grid-item post-4095 post type-post status-publish format-standard hentry category-blog-posts-en\">\n\t\t\t\t\t\t<div class=\"pp-post pp-grid-item\">\n\t\t\t\t\n\t\t\t\t\n\t\t\t\t<div class=\"pp-post-content-wrap\">\n\t\t\t\t\t<div class=\"pp-post-content\">\n\t\t\t\t\t\t\t\t\t\t\t\t<h5 class=\"pp-post-title\">\n\t\t\t\t<a href=\"https:\/\/support.almamater.si\/en\/multifactor-authentication\/\">Multifactor Authentication<\/a>\t\t\t<\/h5>\n\t\t\t\t\t\t\t\t\t<div class=\"pp-post-meta\">\n\t\t\t\t\t\t\t\t<span class=\"pp-post-date\">\n\t\t\t\t\t\t<span class=\"pp-meta-text\">\n\t\t\t\t<a href=\"https:\/\/support.almamater.si\/en\/multifactor-authentication\/\">11. 06. 2025<\/a>\t\t\t<\/span>\n\t\t<\/span>\n\t\t<span class=\"pp-meta-separator\"><\/span>\n\t\t\t\t\t\t\t<\/div>\n\t\t\t\t\t\t\t<div class=\"pp-post-excerpt\">\n\t\t\t<p>We would like to inform you that, in accordance with the university&#8217;s security standards, starting on\u00a0June 18, 2025, the use ...<\/p>\n\t\t<\/div>\n\t\t\t\t\t\t\t\t\t<\/div>\n\t\t\t\t\t\t\t\t\t<\/div>\n\n\t\t\t\t\t\t\t<\/div>\n\t\t\t\t\t<\/div>\n\t\t\t\t<div class=\"pp-post-wrap pp-grid-item-wrap elementor-grid-item post-3919 post type-post status-publish format-standard hentry category-blog-posts-en\">\n\t\t\t\t\t\t<div class=\"pp-post pp-grid-item\">\n\t\t\t\t\n\t\t\t\t\n\t\t\t\t<div class=\"pp-post-content-wrap\">\n\t\t\t\t\t<div class=\"pp-post-content\">\n\t\t\t\t\t\t\t\t\t\t\t\t<h5 class=\"pp-post-title\">\n\t\t\t\t<a href=\"https:\/\/support.almamater.si\/en\/springernature-en\/\">Springer Nature Link<\/a>\t\t\t<\/h5>\n\t\t\t\t\t\t\t\t\t<div class=\"pp-post-meta\">\n\t\t\t\t\t\t\t\t<span class=\"pp-post-date\">\n\t\t\t\t\t\t<span class=\"pp-meta-text\">\n\t\t\t\t<a href=\"https:\/\/support.almamater.si\/en\/springernature-en\/\">21. 01. 2025<\/a>\t\t\t<\/span>\n\t\t<\/span>\n\t\t<span class=\"pp-meta-separator\"><\/span>\n\t\t\t\t\t\t\t<\/div>\n\t\t\t\t\t\t\t<div class=\"pp-post-excerpt\">\n\t\t\t<p>Dear All, We are pleased to inform you that students and staff at our university now have access to the ...<\/p>\n\t\t<\/div>\n\t\t\t\t\t\t\t\t\t<\/div>\n\t\t\t\t\t\t\t\t\t<\/div>\n\n\t\t\t\t\t\t\t<\/div>\n\t\t\t\t\t<\/div>\n\t\t\t\t<div class=\"pp-post-wrap pp-grid-item-wrap elementor-grid-item post-3261 post type-post status-publish format-standard hentry category-blog-posts-en\">\n\t\t\t\t\t\t<div class=\"pp-post pp-grid-item\">\n\t\t\t\t\n\t\t\t\t\n\t\t\t\t<div class=\"pp-post-content-wrap\">\n\t\t\t\t\t<div class=\"pp-post-content\">\n\t\t\t\t\t\t\t\t\t\t\t\t<h5 class=\"pp-post-title\">\n\t\t\t\t<a href=\"https:\/\/support.almamater.si\/en\/enrollment-in-information-services-with-single-sign-on-sso\/\">Enrollment in Information Services with Single Sign-On (SSO)<\/a>\t\t\t<\/h5>\n\t\t\t\t\t\t\t\t\t<div class=\"pp-post-meta\">\n\t\t\t\t\t\t\t\t<span class=\"pp-post-date\">\n\t\t\t\t\t\t<span class=\"pp-meta-text\">\n\t\t\t\t<a href=\"https:\/\/support.almamater.si\/en\/enrollment-in-information-services-with-single-sign-on-sso\/\">05. 10. 2024<\/a>\t\t\t<\/span>\n\t\t<\/span>\n\t\t<span class=\"pp-meta-separator\"><\/span>\n\t\t\t\t\t\t\t<\/div>\n\t\t\t\t\t\t\t<div class=\"pp-post-excerpt\">\n\t\t\t<p>We would like to inform you that from now on, registration in the Student Information System (VIS) is available for ...<\/p>\n\t\t<\/div>\n\t\t\t\t\t\t\t\t\t<\/div>\n\t\t\t\t\t\t\t\t\t<\/div>\n\n\t\t\t\t\t\t\t<\/div>\n\t\t\t\t\t<\/div>\n\t\t\t\t<div class=\"pp-post-wrap pp-grid-item-wrap elementor-grid-item post-2880 post type-post status-publish format-standard hentry category-blog-posts-en\">\n\t\t\t\t\t\t<div class=\"pp-post pp-grid-item\">\n\t\t\t\t\n\t\t\t\t\n\t\t\t\t<div class=\"pp-post-content-wrap\">\n\t\t\t\t\t<div class=\"pp-post-content\">\n\t\t\t\t\t\t\t\t\t\t\t\t<h5 class=\"pp-post-title\">\n\t\t\t\t<a href=\"https:\/\/support.almamater.si\/en\/warning-about-mail-from-external-systems\/\">Warning about mail from external systems<\/a>\t\t\t<\/h5>\n\t\t\t\t\t\t\t\t\t<div class=\"pp-post-meta\">\n\t\t\t\t\t\t\t\t<span class=\"pp-post-date\">\n\t\t\t\t\t\t<span class=\"pp-meta-text\">\n\t\t\t\t<a href=\"https:\/\/support.almamater.si\/en\/warning-about-mail-from-external-systems\/\">02. 07. 2024<\/a>\t\t\t<\/span>\n\t\t<\/span>\n\t\t<span class=\"pp-meta-separator\"><\/span>\n\t\t\t\t\t\t\t<\/div>\n\t\t\t\t\t\t\t<div class=\"pp-post-excerpt\">\n\t\t\t<p>What is email from external systems? Electronic mail from external systems (external e-mail) is any mail that arrives in your ...<\/p>\n\t\t<\/div>\n\t\t\t\t\t\t\t\t\t<\/div>\n\t\t\t\t\t\t\t\t\t<\/div>\n\n\t\t\t\t\t\t\t<\/div>\n\t\t\t\t\t<\/div>\n\t\t\t\t<div class=\"pp-post-wrap pp-grid-item-wrap elementor-grid-item post-2878 post type-post status-publish format-standard hentry category-blog-posts-en\">\n\t\t\t\t\t\t<div class=\"pp-post pp-grid-item\">\n\t\t\t\t\n\t\t\t\t\n\t\t\t\t<div class=\"pp-post-content-wrap\">\n\t\t\t\t\t<div class=\"pp-post-content\">\n\t\t\t\t\t\t\t\t\t\t\t\t<h5 class=\"pp-post-title\">\n\t\t\t\t<a href=\"https:\/\/support.almamater.si\/en\/information-security-in-the-workplace\/\">Information security in the workplace<\/a>\t\t\t<\/h5>\n\t\t\t\t\t\t\t\t\t<div class=\"pp-post-meta\">\n\t\t\t\t\t\t\t\t<span class=\"pp-post-date\">\n\t\t\t\t\t\t<span class=\"pp-meta-text\">\n\t\t\t\t<a href=\"https:\/\/support.almamater.si\/en\/information-security-in-the-workplace\/\">02. 07. 2024<\/a>\t\t\t<\/span>\n\t\t<\/span>\n\t\t<span class=\"pp-meta-separator\"><\/span>\n\t\t\t\t\t\t\t<\/div>\n\t\t\t\t\t\t\t<div class=\"pp-post-excerpt\">\n\t\t\t<p>Alma Mater employees benefit from a comprehensive ecosystem of IT tools and solutions. When using the services, it is necessary ...<\/p>\n\t\t<\/div>\n\t\t\t\t\t\t\t\t\t<\/div>\n\t\t\t\t\t\t\t\t\t<\/div>\n\n\t\t\t\t\t\t\t<\/div>\n\t\t\t\t\t<\/div>\n\t\t\t\t\t\t\t\t\t<\/div>\n\t\t\t\n\t\t\t\n\t\t\t\n\t\t\t\n\t\t\t\t\t\t\t\t\t\t\t<div class=\"pp-posts-pagination-wrap pp-posts-pagination-bottom\">\n\t\t\t\t\t\t\t\t\t<\/div>\n\t\t\t\t\t\t\t\t\t<\/div>\n\n\t\t\n\t\t\t\t\t\t<\/div>\n\t\t\t\t<\/div>\n\t\t\t\t<\/div>\n\t\t<div class=\"elementor-element elementor-element-d5566cc e-con-full e-flex e-con e-child\" data-id=\"d5566cc\" data-element_type=\"container\">\n\t\t<div class=\"elementor-element elementor-element-2718947 e-con-full e-flex e-con e-child\" data-id=\"2718947\" data-element_type=\"container\">\n\t\t\t\t<div class=\"elementor-element elementor-element-d0360cb elementor-widget elementor-widget-heading\" data-id=\"d0360cb\" data-element_type=\"widget\" data-widget_type=\"heading.default\">\n\t\t\t\t<div class=\"elementor-widget-container\">\n\t\t\t\t\t<h4 class=\"elementor-heading-title elementor-size-default\">Contacts by location<\/h4>\t\t\t\t<\/div>\n\t\t\t\t<\/div>\n\t\t\t\t<div class=\"elementor-element elementor-element-16cda6e elementor-widget elementor-widget-text-editor\" data-id=\"16cda6e\" data-element_type=\"widget\" data-widget_type=\"text-editor.default\">\n\t\t\t\t<div class=\"elementor-widget-container\">\n\t\t\t\t\t\t\t\t\t<p><strong>Maribor:<\/strong> support.mb@almamater.si<br \/><strong>Ljubljana:<\/strong> support.lj@almamater.si<br \/><strong>Koper:<\/strong> support.kp@almamater.si<br \/><strong>Murska Sobota:<\/strong> support.ms@almamater<br \/><strong>Celje:<\/strong> support@almamater.si<\/p>\n\t\t\t\t\t\t\t\t<\/div>\n\t\t\t\t<\/div>\n\t\t\t\t<\/div>\n\t\t<div class=\"elementor-element elementor-element-31d3af7 e-con-full e-flex e-con e-child\" data-id=\"31d3af7\" data-element_type=\"container\">\n\t\t\t\t<div class=\"elementor-element elementor-element-1b4566a elementor-widget elementor-widget-heading\" data-id=\"1b4566a\" data-element_type=\"widget\" data-widget_type=\"heading.default\">\n\t\t\t\t<div class=\"elementor-widget-container\">\n\t\t\t\t\t<h4 class=\"elementor-heading-title elementor-size-default\">Important information<\/h4>\t\t\t\t<\/div>\n\t\t\t\t<\/div>\n\t\t\t\t<div class=\"elementor-element elementor-element-84101c8 elementor-grid-1 elementor-grid-tablet-2 elementor-grid-mobile-1 elementor-widget elementor-widget-pp-posts\" data-id=\"84101c8\" data-element_type=\"widget\" data-widget_type=\"pp-posts.classic\">\n\t\t\t\t<div class=\"elementor-widget-container\">\n\t\t\t\t\t\t\t<div class=\"pp-posts-container\">\n\t\t\t\n\t\t\t\t\t\t\t\t\t\t\n\t\t\t<div class=\"pp-posts pp-posts-skin-classic elementor-grid pp-posts-grid\" data-query-type=\"custom\" data-layout=\"grid\" data-page=\"2870\" data-skin=\"classic\">\n\t\t\t\t\t\t\t\t\t\t\t<div class=\"pp-post-wrap pp-grid-item-wrap elementor-grid-item post-4482 post type-post status-publish format-standard hentry category-blog-posts-en\">\n\t\t\t\t\t\t<div class=\"pp-post pp-grid-item\">\n\t\t\t\t\n\t\t\t\t\n\t\t\t\t<div class=\"pp-post-content-wrap\">\n\t\t\t\t\t<div class=\"pp-post-content\">\n\t\t\t\t\t\t\t\t\t\t\t\t<h6 class=\"pp-post-title\">\n\t\t\t\t<a href=\"https:\/\/support.almamater.si\/en\/multifactor-authentication-2\/\">EXAM.NET updates<\/a>\t\t\t<\/h6>\n\t\t\t\t\t\t\t\t<\/div>\n\t\t\t\t\t\t\t\t\t<\/div>\n\n\t\t\t\t\t\t\t<\/div>\n\t\t\t\t\t<\/div>\n\t\t\t\t<div class=\"pp-post-wrap pp-grid-item-wrap elementor-grid-item post-4095 post type-post status-publish format-standard hentry category-blog-posts-en\">\n\t\t\t\t\t\t<div class=\"pp-post pp-grid-item\">\n\t\t\t\t\n\t\t\t\t\n\t\t\t\t<div class=\"pp-post-content-wrap\">\n\t\t\t\t\t<div class=\"pp-post-content\">\n\t\t\t\t\t\t\t\t\t\t\t\t<h6 class=\"pp-post-title\">\n\t\t\t\t<a href=\"https:\/\/support.almamater.si\/en\/multifactor-authentication\/\">Multifactor Authentication<\/a>\t\t\t<\/h6>\n\t\t\t\t\t\t\t\t<\/div>\n\t\t\t\t\t\t\t\t\t<\/div>\n\n\t\t\t\t\t\t\t<\/div>\n\t\t\t\t\t<\/div>\n\t\t\t\t<div class=\"pp-post-wrap pp-grid-item-wrap elementor-grid-item post-3919 post type-post status-publish format-standard hentry category-blog-posts-en\">\n\t\t\t\t\t\t<div class=\"pp-post pp-grid-item\">\n\t\t\t\t\n\t\t\t\t\n\t\t\t\t<div class=\"pp-post-content-wrap\">\n\t\t\t\t\t<div class=\"pp-post-content\">\n\t\t\t\t\t\t\t\t\t\t\t\t<h6 class=\"pp-post-title\">\n\t\t\t\t<a href=\"https:\/\/support.almamater.si\/en\/springernature-en\/\">Springer Nature Link<\/a>\t\t\t<\/h6>\n\t\t\t\t\t\t\t\t<\/div>\n\t\t\t\t\t\t\t\t\t<\/div>\n\n\t\t\t\t\t\t\t<\/div>\n\t\t\t\t\t<\/div>\n\t\t\t\t<div class=\"pp-post-wrap pp-grid-item-wrap elementor-grid-item post-3261 post type-post status-publish format-standard hentry category-blog-posts-en\">\n\t\t\t\t\t\t<div class=\"pp-post pp-grid-item\">\n\t\t\t\t\n\t\t\t\t\n\t\t\t\t<div class=\"pp-post-content-wrap\">\n\t\t\t\t\t<div class=\"pp-post-content\">\n\t\t\t\t\t\t\t\t\t\t\t\t<h6 class=\"pp-post-title\">\n\t\t\t\t<a href=\"https:\/\/support.almamater.si\/en\/enrollment-in-information-services-with-single-sign-on-sso\/\">Enrollment in Information Services with Single Sign-On (SSO)<\/a>\t\t\t<\/h6>\n\t\t\t\t\t\t\t\t<\/div>\n\t\t\t\t\t\t\t\t\t<\/div>\n\n\t\t\t\t\t\t\t<\/div>\n\t\t\t\t\t<\/div>\n\t\t\t\t<div class=\"pp-post-wrap pp-grid-item-wrap elementor-grid-item post-2880 post type-post status-publish format-standard hentry category-blog-posts-en\">\n\t\t\t\t\t\t<div class=\"pp-post pp-grid-item\">\n\t\t\t\t\n\t\t\t\t\n\t\t\t\t<div class=\"pp-post-content-wrap\">\n\t\t\t\t\t<div class=\"pp-post-content\">\n\t\t\t\t\t\t\t\t\t\t\t\t<h6 class=\"pp-post-title\">\n\t\t\t\t<a href=\"https:\/\/support.almamater.si\/en\/warning-about-mail-from-external-systems\/\">Warning about mail from external systems<\/a>\t\t\t<\/h6>\n\t\t\t\t\t\t\t\t<\/div>\n\t\t\t\t\t\t\t\t\t<\/div>\n\n\t\t\t\t\t\t\t<\/div>\n\t\t\t\t\t<\/div>\n\t\t\t\t\t\t\t\t\t<\/div>\n\t\t\t\n\t\t\t\n\t\t\t\n\t\t\t\n\t\t\t\t\t\t\t\t\t\t\t\t<\/div>\n\n\t\t\n\t\t\t\t\t\t<\/div>\n\t\t\t\t<\/div>\n\t\t\t\t<\/div>\n\t\t\t\t<\/div>\n\t\t\t\t\t<\/div>\n\t\t\t\t<\/div>\n\t\t\t\t<\/div>\n\t\t","protected":false},"excerpt":{"rendered":"<p>News Navodilo za poenoteno besedilo afiliacije u\u010diteljev Univerze Alma Mater Europaea 02. 08. 2024 Eden izmed kazalnikov za uvr\u0161\u010danje visoko\u0161olskih institucij na lestvice univerz po njihovi kakovosti je tudi bibliografija institucije, ki je dosegljiva &#8230; Konec razpolo\u017eljivosti klasi\u010dnega odjemalca Teams 02. 08. 2024 Microsoft je objavil informacijo, da klasi\u010dni odjemalec Teams\u00a0od 31.3.2024\u00a0ne bo ve\u010d podprt. [&hellip;]<\/p>\n","protected":false},"author":6,"featured_media":0,"parent":0,"menu_order":0,"comment_status":"closed","ping_status":"closed","template":"","meta":{"_monsterinsights_skip_tracking":false,"_monsterinsights_sitenote_active":false,"_monsterinsights_sitenote_note":"","_monsterinsights_sitenote_category":0,"site-sidebar-layout":"no-sidebar","site-content-layout":"","ast-site-content-layout":"full-width-container","site-content-style":"unboxed","site-sidebar-style":"unboxed","ast-global-header-display":"","ast-banner-title-visibility":"","ast-main-header-display":"","ast-hfb-above-header-display":"","ast-hfb-below-header-display":"","ast-hfb-mobile-header-display":"","site-post-title":"disabled","ast-breadcrumbs-content":"","ast-featured-img":"disabled","footer-sml-layout":"","theme-transparent-header-meta":"enabled","adv-header-id-meta":"","stick-header-meta":"enabled","header-above-stick-meta":"","header-main-stick-meta":"","header-below-stick-meta":"","astra-migrate-meta-layouts":"default","ast-page-background-enabled":"default","ast-page-background-meta":{"desktop":{"background-color":"","background-image":"","background-repeat":"repeat","background-position":"center center","background-size":"auto","background-attachment":"scroll","background-type":"","background-media":"","overlay-type":"","overlay-color":"","overlay-opacity":"","overlay-gradient":""},"tablet":{"background-color":"","background-image":"","background-repeat":"repeat","background-position":"center center","background-size":"auto","background-attachment":"scroll","background-type":"","background-media":"","overlay-type":"","overlay-color":"","overlay-opacity":"","overlay-gradient":""},"mobile":{"background-color":"","background-image":"","background-repeat":"repeat","background-position":"center center","background-size":"auto","background-attachment":"scroll","background-type":"","background-media":"","overlay-type":"","overlay-color":"","overlay-opacity":"","overlay-gradient":""}},"ast-content-background-meta":{"desktop":{"background-color":"var(--ast-global-color-5)","background-image":"","background-repeat":"repeat","background-position":"center center","background-size":"auto","background-attachment":"scroll","background-type":"","background-media":"","overlay-type":"","overlay-color":"","overlay-opacity":"","overlay-gradient":""},"tablet":{"background-color":"var(--ast-global-color-5)","background-image":"","background-repeat":"repeat","background-position":"center center","background-size":"auto","background-attachment":"scroll","background-type":"","background-media":"","overlay-type":"","overlay-color":"","overlay-opacity":"","overlay-gradient":""},"mobile":{"background-color":"var(--ast-global-color-5)","background-image":"","background-repeat":"repeat","background-position":"center center","background-size":"auto","background-attachment":"scroll","background-type":"","background-media":"","overlay-type":"","overlay-color":"","overlay-opacity":"","overlay-gradient":""}},"footnotes":""},"class_list":["post-2870","page","type-page","status-publish","hentry"],"yoast_head":"<!-- This site is optimized with the Yoast SEO plugin v26.2 - https:\/\/yoast.com\/wordpress\/plugins\/seo\/ -->\n<title>News - IT storitve Alma Mater<\/title>\n<meta name=\"robots\" content=\"index, follow, max-snippet:-1, max-image-preview:large, max-video-preview:-1\" \/>\n<link rel=\"canonical\" href=\"https:\/\/support.almamater.si\/en\/news\/\" \/>\n<meta property=\"og:locale\" content=\"en_US\" \/>\n<meta property=\"og:type\" content=\"article\" \/>\n<meta property=\"og:title\" content=\"News - IT storitve Alma Mater\" \/>\n<meta property=\"og:description\" content=\"News Navodilo za poenoteno besedilo afiliacije u\u010diteljev Univerze Alma Mater Europaea 02. 08. 2024 Eden izmed kazalnikov za uvr\u0161\u010danje visoko\u0161olskih institucij na lestvice univerz po njihovi kakovosti je tudi bibliografija institucije, ki je dosegljiva &#8230; Konec razpolo\u017eljivosti klasi\u010dnega odjemalca Teams 02. 08. 2024 Microsoft je objavil informacijo, da klasi\u010dni odjemalec Teams\u00a0od 31.3.2024\u00a0ne bo ve\u010d podprt. [&hellip;]\" \/>\n<meta property=\"og:url\" content=\"https:\/\/support.almamater.si\/en\/news\/\" \/>\n<meta property=\"og:site_name\" content=\"IT storitve Alma Mater\" \/>\n<meta property=\"article:publisher\" content=\"https:\/\/www.facebook.com\/almamater.it\" \/>\n<meta property=\"article:modified_time\" content=\"2024-09-23T12:47:32+00:00\" \/>\n<meta property=\"og:image\" content=\"https:\/\/support.almamater.si\/wp-content\/uploads\/2024\/07\/Zaposleni-1024x536.jpg\" \/>\n<meta name=\"twitter:card\" content=\"summary_large_image\" \/>\n<meta name=\"twitter:site\" content=\"@AlmaMaterEU\" \/>\n<meta name=\"twitter:label1\" content=\"Est. reading time\" \/>\n\t<meta name=\"twitter:data1\" content=\"1 minute\" \/>\n<script type=\"application\/ld+json\" class=\"yoast-schema-graph\">{\"@context\":\"https:\/\/schema.org\",\"@graph\":[{\"@type\":\"WebPage\",\"@id\":\"https:\/\/support.almamater.si\/en\/news\/\",\"url\":\"https:\/\/support.almamater.si\/en\/news\/\",\"name\":\"News - IT storitve Alma Mater\",\"isPartOf\":{\"@id\":\"https:\/\/support.almamater.si\/en\/#website\"},\"datePublished\":\"2024-07-03T12:06:57+00:00\",\"dateModified\":\"2024-09-23T12:47:32+00:00\",\"breadcrumb\":{\"@id\":\"https:\/\/support.almamater.si\/en\/news\/#breadcrumb\"},\"inLanguage\":\"en-US\",\"potentialAction\":[{\"@type\":\"ReadAction\",\"target\":[\"https:\/\/support.almamater.si\/en\/news\/\"]}]},{\"@type\":\"BreadcrumbList\",\"@id\":\"https:\/\/support.almamater.si\/en\/news\/#breadcrumb\",\"itemListElement\":[{\"@type\":\"ListItem\",\"position\":1,\"name\":\"LAUREA IN FISIOTERAPIA Alma Mater Europaea\",\"item\":\"https:\/\/support.almamater.si\/en\/\"},{\"@type\":\"ListItem\",\"position\":2,\"name\":\"News\"}]},{\"@type\":\"WebSite\",\"@id\":\"https:\/\/support.almamater.si\/en\/#website\",\"url\":\"https:\/\/support.almamater.si\/en\/\",\"name\":\"IT storitve Alma Mater\",\"description\":\"IT storitve za podporo izobra\u017eevalnemu procesu\",\"publisher\":{\"@id\":\"https:\/\/support.almamater.si\/en\/#organization\"},\"potentialAction\":[{\"@type\":\"SearchAction\",\"target\":{\"@type\":\"EntryPoint\",\"urlTemplate\":\"https:\/\/support.almamater.si\/en\/?s={search_term_string}\"},\"query-input\":{\"@type\":\"PropertyValueSpecification\",\"valueRequired\":true,\"valueName\":\"search_term_string\"}}],\"inLanguage\":\"en-US\"},{\"@type\":\"Organization\",\"@id\":\"https:\/\/support.almamater.si\/en\/#organization\",\"name\":\"LAUREA IN FISIOTERAPIA\",\"url\":\"https:\/\/support.almamater.si\/en\/\",\"logo\":{\"@type\":\"ImageObject\",\"inLanguage\":\"en-US\",\"@id\":\"https:\/\/support.almamater.si\/en\/#\/schema\/logo\/image\/\",\"url\":\"https:\/\/support.almamater.si\/wp-content\/uploads\/2021\/05\/Asset-223.svg\",\"contentUrl\":\"https:\/\/support.almamater.si\/wp-content\/uploads\/2021\/05\/Asset-223.svg\",\"width\":\"1024\",\"height\":\"1024\",\"caption\":\"LAUREA IN FISIOTERAPIA\"},\"image\":{\"@id\":\"https:\/\/support.almamater.si\/en\/#\/schema\/logo\/image\/\"},\"sameAs\":[\"https:\/\/www.facebook.com\/almamater.it\",\"https:\/\/x.com\/AlmaMaterEU\",\"https:\/\/www.instagram.com\/almamater.it\/\",\"https:\/\/www.linkedin.com\/school\/almamatereuropaea\/\",\"https:\/\/www.youtube.com\/channel\/UCali00x17mUZ6rYRYgAyYdg\"]}]}<\/script>\n<!-- \/ Yoast SEO plugin. -->","yoast_head_json":{"title":"News - IT storitve Alma Mater","robots":{"index":"index","follow":"follow","max-snippet":"max-snippet:-1","max-image-preview":"max-image-preview:large","max-video-preview":"max-video-preview:-1"},"canonical":"https:\/\/support.almamater.si\/en\/news\/","og_locale":"en_US","og_type":"article","og_title":"News - IT storitve Alma Mater","og_description":"News Navodilo za poenoteno besedilo afiliacije u\u010diteljev Univerze Alma Mater Europaea 02. 08. 2024 Eden izmed kazalnikov za uvr\u0161\u010danje visoko\u0161olskih institucij na lestvice univerz po njihovi kakovosti je tudi bibliografija institucije, ki je dosegljiva &#8230; Konec razpolo\u017eljivosti klasi\u010dnega odjemalca Teams 02. 08. 2024 Microsoft je objavil informacijo, da klasi\u010dni odjemalec Teams\u00a0od 31.3.2024\u00a0ne bo ve\u010d podprt. [&hellip;]","og_url":"https:\/\/support.almamater.si\/en\/news\/","og_site_name":"IT storitve Alma Mater","article_publisher":"https:\/\/www.facebook.com\/almamater.it","article_modified_time":"2024-09-23T12:47:32+00:00","og_image":[{"url":"https:\/\/support.almamater.si\/wp-content\/uploads\/2024\/07\/Zaposleni-1024x536.jpg","type":"","width":"","height":""}],"twitter_card":"summary_large_image","twitter_site":"@AlmaMaterEU","twitter_misc":{"Est. reading time":"1 minute"},"schema":{"@context":"https:\/\/schema.org","@graph":[{"@type":"WebPage","@id":"https:\/\/support.almamater.si\/en\/news\/","url":"https:\/\/support.almamater.si\/en\/news\/","name":"News - IT storitve Alma Mater","isPartOf":{"@id":"https:\/\/support.almamater.si\/en\/#website"},"datePublished":"2024-07-03T12:06:57+00:00","dateModified":"2024-09-23T12:47:32+00:00","breadcrumb":{"@id":"https:\/\/support.almamater.si\/en\/news\/#breadcrumb"},"inLanguage":"en-US","potentialAction":[{"@type":"ReadAction","target":["https:\/\/support.almamater.si\/en\/news\/"]}]},{"@type":"BreadcrumbList","@id":"https:\/\/support.almamater.si\/en\/news\/#breadcrumb","itemListElement":[{"@type":"ListItem","position":1,"name":"LAUREA IN FISIOTERAPIA Alma Mater Europaea","item":"https:\/\/support.almamater.si\/en\/"},{"@type":"ListItem","position":2,"name":"News"}]},{"@type":"WebSite","@id":"https:\/\/support.almamater.si\/en\/#website","url":"https:\/\/support.almamater.si\/en\/","name":"IT storitve Alma Mater","description":"IT storitve za podporo izobra\u017eevalnemu procesu","publisher":{"@id":"https:\/\/support.almamater.si\/en\/#organization"},"potentialAction":[{"@type":"SearchAction","target":{"@type":"EntryPoint","urlTemplate":"https:\/\/support.almamater.si\/en\/?s={search_term_string}"},"query-input":{"@type":"PropertyValueSpecification","valueRequired":true,"valueName":"search_term_string"}}],"inLanguage":"en-US"},{"@type":"Organization","@id":"https:\/\/support.almamater.si\/en\/#organization","name":"LAUREA IN FISIOTERAPIA","url":"https:\/\/support.almamater.si\/en\/","logo":{"@type":"ImageObject","inLanguage":"en-US","@id":"https:\/\/support.almamater.si\/en\/#\/schema\/logo\/image\/","url":"https:\/\/support.almamater.si\/wp-content\/uploads\/2021\/05\/Asset-223.svg","contentUrl":"https:\/\/support.almamater.si\/wp-content\/uploads\/2021\/05\/Asset-223.svg","width":"1024","height":"1024","caption":"LAUREA IN FISIOTERAPIA"},"image":{"@id":"https:\/\/support.almamater.si\/en\/#\/schema\/logo\/image\/"},"sameAs":["https:\/\/www.facebook.com\/almamater.it","https:\/\/x.com\/AlmaMaterEU","https:\/\/www.instagram.com\/almamater.it\/","https:\/\/www.linkedin.com\/school\/almamatereuropaea\/","https:\/\/www.youtube.com\/channel\/UCali00x17mUZ6rYRYgAyYdg"]}]}},"_links":{"self":[{"href":"https:\/\/support.almamater.si\/en\/wp-json\/wp\/v2\/pages\/2870","targetHints":{"allow":["GET"]}}],"collection":[{"href":"https:\/\/support.almamater.si\/en\/wp-json\/wp\/v2\/pages"}],"about":[{"href":"https:\/\/support.almamater.si\/en\/wp-json\/wp\/v2\/types\/page"}],"author":[{"embeddable":true,"href":"https:\/\/support.almamater.si\/en\/wp-json\/wp\/v2\/users\/6"}],"replies":[{"embeddable":true,"href":"https:\/\/support.almamater.si\/en\/wp-json\/wp\/v2\/comments?post=2870"}],"version-history":[{"count":3,"href":"https:\/\/support.almamater.si\/en\/wp-json\/wp\/v2\/pages\/2870\/revisions"}],"predecessor-version":[{"id":2877,"href":"https:\/\/support.almamater.si\/en\/wp-json\/wp\/v2\/pages\/2870\/revisions\/2877"}],"wp:attachment":[{"href":"https:\/\/support.almamater.si\/en\/wp-json\/wp\/v2\/media?parent=2870"}],"curies":[{"name":"wp","href":"https:\/\/api.w.org\/{rel}","templated":true}]}}